{"id":1114,"date":"2022-05-21T15:28:32","date_gmt":"2022-05-21T12:28:32","guid":{"rendered":"https:\/\/repromed.md\/?page_id=1114"},"modified":"2022-07-15T00:27:36","modified_gmt":"2022-07-14T21:27:36","slug":"%d0%bd%d0%b0%d0%bf%d1%80%d0%b0%d0%b2%d0%bb%d0%b5%d0%bd%d0%b8%d1%8f-%d0%b4%d0%b5%d1%8f%d1%82%d0%b5%d0%bb%d1%8c%d0%bd%d0%be%d1%81%d1%82%d0%b8","status":"publish","type":"page","link":"https:\/\/repromed.md\/ru\/despre-noi\/%d0%bd%d0%b0%d0%bf%d1%80%d0%b0%d0%b2%d0%bb%d0%b5%d0%bd%d0%b8%d1%8f-%d0%b4%d0%b5%d1%8f%d1%82%d0%b5%d0%bb%d1%8c%d0%bd%d0%be%d1%81%d1%82%d0%b8\/","title":{"rendered":"\u041d\u0430\u043f\u0440\u0430\u0432\u043b\u0435\u043d\u0438\u044f \u0434\u0435\u044f\u0442\u0435\u043b\u044c\u043d\u043e\u0441\u0442\u0438"},"content":{"rendered":"\n<p>Centrul Medical Repromed cu scopul de a oferi servicii medicale popula\u021biei de cea mai \u00eenalt\u0103 calitate, adaptate la standardele interna\u0163ionale \u00een problemele s\u0103n\u0103t\u0103\u0163ii reproducerii.<\/p>\n\n\n\n<p>Direc\u0163iile principale de activitate ale Centrului sunt:<\/p>\n\n\n\n<ul class=\"wp-block-list\"><li>Diagnosticul \u0219i tratamentul deregl\u0103rilor perioadei de pubertate;<\/li><li>Diagnosticul \u015fi tratamentul infertilit\u0103\u0163ii;<\/li><li>Fertilizare in vitro, inseminare cu sperma so\u0163ului sau donatorului;<\/li><li>Diagnosticul \u015fi tratamentul bolilor sexual-transmisibile;<\/li><li>Diagnosticul \u015fi tratamentul deregl\u0103rilor endocrine reproductive;<\/li><li>Planificarea familial\u0103, consilierea \u00een utilizarea metodelor moderne de contracep\u0163ie;<\/li><li>Preg\u0103tirea cuplului c\u0103tre sarcin\u0103;<\/li><li>Diagnosticul \u015fi tratamentul avortului spontan \u015fi sarcinii oprite \u00een evolu\u0163ie;<\/li><li>Conduita sarcinii \u0219i diagnosticul prenatal;<\/li><li>Efectuarea laparoscopiei \u015fi histeroscopiei;<\/li><li>Interven\u0163ii chirurgicale \u00een diverse patologii ale organelor genitale;<\/li><li>Consilierea \u00een problemele menopauzei \u015fi andropauzei.<\/li><\/ul>\n\n\n\n<figure class=\"wp-block-image size-full is-resized\"><img loading=\"lazy\" decoding=\"async\" src=\"https:\/\/repromed.md\/wp-content\/uploads\/2022\/07\/directii2.png\" alt=\"\" class=\"wp-image-2741\" width=\"615\" height=\"342\" srcset=\"https:\/\/repromed.md\/wp-content\/uploads\/2022\/07\/directii2.png 820w, https:\/\/repromed.md\/wp-content\/uploads\/2022\/07\/directii2-300x167.png 300w, https:\/\/repromed.md\/wp-content\/uploads\/2022\/07\/directii2-768x427.png 768w\" sizes=\"auto, (max-width: 615px) 100vw, 615px\" \/><\/figure>\n","protected":false},"excerpt":{"rendered":"<p>Centrul Medical Repromed cu scopul de a oferi servicii medicale popula\u021biei de cea mai \u00eenalt\u0103 calitate, adaptate la standardele interna\u0163ionale \u00een problemele s\u0103n\u0103t\u0103\u0163ii reproducerii. Direc\u0163iile principale de activitate ale Centrului sunt: Diagnosticul \u0219i tratamentul deregl\u0103rilor perioadei de pubertate; Diagnosticul \u015fi tratamentul infertilit\u0103\u0163ii; Fertilizare in vitro, inseminare cu sperma so\u0163ului sau donatorului; Diagnosticul \u015fi tratamentul bolilor [&hellip;]<\/p>\n","protected":false},"author":1,"featured_media":0,"parent":1090,"menu_order":0,"comment_status":"closed","ping_status":"closed","template":"page-templates\/page-content.php","meta":{"om_disable_all_campaigns":false,"inline_featured_image":false,"_mi_skip_tracking":false,"_monsterinsights_sitenote_active":false,"_monsterinsights_sitenote_note":"","_monsterinsights_sitenote_category":0,"footnotes":""},"class_list":["post-1114","page","type-page","status-publish","hentry"],"acf":[],"aioseo_notices":[],"_links":{"self":[{"href":"https:\/\/repromed.md\/ru\/wp-json\/wp\/v2\/pages\/1114","targetHints":{"allow":["GET"]}}],"collection":[{"href":"https:\/\/repromed.md\/ru\/wp-json\/wp\/v2\/pages"}],"about":[{"href":"https:\/\/repromed.md\/ru\/wp-json\/wp\/v2\/types\/page"}],"author":[{"embeddable":true,"href":"https:\/\/repromed.md\/ru\/wp-json\/wp\/v2\/users\/1"}],"replies":[{"embeddable":true,"href":"https:\/\/repromed.md\/ru\/wp-json\/wp\/v2\/comments?post=1114"}],"version-history":[{"count":2,"href":"https:\/\/repromed.md\/ru\/wp-json\/wp\/v2\/pages\/1114\/revisions"}],"predecessor-version":[{"id":2743,"href":"https:\/\/repromed.md\/ru\/wp-json\/wp\/v2\/pages\/1114\/revisions\/2743"}],"up":[{"embeddable":true,"href":"https:\/\/repromed.md\/ru\/wp-json\/wp\/v2\/pages\/1090"}],"wp:attachment":[{"href":"https:\/\/repromed.md\/ru\/wp-json\/wp\/v2\/media?parent=1114"}],"curies":[{"name":"wp","href":"https:\/\/api.w.org\/{rel}","templated":true}]}}