{"id":1134,"date":"2022-05-21T15:43:12","date_gmt":"2022-05-21T12:43:12","guid":{"rendered":"https:\/\/repromed.md\/despre-noi\/informatie-legala\/"},"modified":"2022-05-28T18:04:08","modified_gmt":"2022-05-28T15:04:08","slug":"informatie-legala","status":"publish","type":"page","link":"https:\/\/repromed.md\/ru\/despre-noi\/informatie-legala\/","title":{"rendered":"\u041f\u043e\u043b\u0438\u0442\u0438\u043a\u0430 \u043a\u043e\u043d\u0444\u0438\u0434\u0435\u043d\u0446\u0438\u0430\u043b\u044c\u043d\u043e\u0441\u0442\u0438"},"content":{"rendered":"\n<p>1.1. Aceast\u0103 Politic\u0103 stabile\u0219te procedura de procesare \u0219i protec\u021bie a Companiei \u201eREPROMED\u201d S.R.L. &#8212; (denumit\u0103 \u00een continuare &#8212; repromed.md a informa\u021biilor despre persoana fizic\u0103 (denumit\u0103 \u00een continuare &#171;Utilizator&#187;) care pot fi ob\u021binute de repromed.md atunci c\u00e2nd Utilizatorul utilizeaz\u0103 servicii\/bunurile prin intermediul site-ului, serviciilor, programelor, utilizate de c\u0103tre acesta.<\/p>\n\n\n\n<p>1.2. Scopul Politicii date este de a asigura protec\u021bia informa\u021biilor personale pe care utilizatorul le ofer\u0103 \u00een leg\u0103tur\u0103 cu utilizarea site-ului, a serviciilor sau \u00een timpul procesului de \u00eenregistrare \u0219i achizi\u021bionarea de bunuri\/servicii.<\/p>\n\n\n\n<p>1.3. Colectarea, stocarea, distribuirea \u0219i protec\u021bia informa\u021biilor furnizate de Utilizator sunt protejate de aceast\u0103 Politic\u0103, de alte documente oficiale ale repromed.md \u0219i de legisla\u021bia actual\u0103 a Republicii Moldova. Repromed.md este \u00een drept s\u0103 stocheze, pe orice fel de suport, datele cu caracter personal culese.<\/p>\n\n\n\n<p>1.4. Prin \u00eenregistrarea pe Site \u0219i prin utilizarea Site-ului \u0219i a Serviciilor, Utilizatorul \u00ee\u0219i exprim\u0103 acordul cu termenii acestei Politici. Prin \u00eenregistrarea pe site \u0219i selectarea op\u021biunilor corespunz\u0103toare, utilizatorul este de acord s\u0103 primeasc\u0103 coresponden\u021b\u0103 publicitar\u0103 \u0219i\/sau informativ\u0103 prin intermediul mesajelor SMS, al mesajelor e-mail sau al apelurilor telefonice. Orice opera\u021biune sau set de opera\u021biuni asupra datelor cu caracter personal, se efectueaz\u0103 prin mijloace automate sau neautomate, cum ar fi colectarea, \u00eenregistrarea, organizarea, stocarea, adaptarea ori modificarea, extragerea, consultarea, comunicarea c\u0103tre ter\u021bi prin transmitere, diseminare sau \u00een orice alt mod, al\u0103turarea ori combinarea, blocarea, \u0219tergerea sau distrugerea acestora.<\/p>\n\n\n\n<p>1.5. Consim\u0163\u0103m\u00e2ntul privind prelucrarea datelor cu caracter personal poate fi retras \u00een orice moment de c\u0103tre subiectul datelor cu caracter personal. Retragerea consim\u0163\u0103m\u00e2ntului nu poate avea effect retroactiv.<\/p>\n\n\n\n<p>1.6. \u00cen caz de dezacord al Utilizatorului \u00een primirea informa\u021biilor de la repromed.md, Utilizatorul se poate dezabona de la coresponden\u021b\u0103:<\/p>\n\n\n\n<ul class=\"wp-block-list\"><li>f\u0103c\u00e2nd clic pe Dezabonare din partea de jos a mesajului,<\/li><li>\u00een contul personal al site-ului, prin eliminarea op\u021biunilor selectate anterior;<\/li><li>prin trimiterea unei notific\u0103ri prin e-mail la: info@repromed.md sau printr-un apel telefonic la call centrul nostru: +37322 955 500.<\/li><\/ul>\n\n\n\n<p>Cererea de dezabonare este procesat\u0103 \u00een maximum 48 de ore.<\/p>\n\n\n\n<p>1.7. Modificarea politicii de confiden\u021bialitate presupune c\u0103: repromed.md are dreptul de a produce modific\u0103ri la aceast\u0103 politic\u0103 de confiden\u021bialitate. C\u00e2nd sunt efectuate modific\u0103ri \u00een edi\u021bia curent\u0103, este indicat\u0103 data ultimei actualiz\u0103ri. Noua versiune a politicii intr\u0103 \u00een vigoare din momentul public\u0103rii acesteia. Politica curent\u0103 se afl\u0103 \u00eentotdeauna pe site.<\/p>\n\n\n\n<p>TERMENI \u0218I CONDI\u021aII<\/p>\n\n\n\n<p>2.1. Utilizatorul, atunci c\u00e2nd utilizeaz\u0103 Site-ul, confirm\u0103 c\u0103:<\/p>\n\n\n\n<ul class=\"wp-block-list\"><li>are toate drepturile necesare care \u00eei permit s\u0103 se \u00eenregistreze (s\u0103 creeze un cont) \u0219i s\u0103 utilizeze serviciile Site.<\/li><li>indic\u0103 informa\u021bii veridice despre acesta \u00een cadranele obligatorii ale Site-ului, toate celelelte informa\u021bii sunt la discre\u021bia Utilizatorului.<\/li><li>este familiarizat cu aceast\u0103 politic\u0103, \u00ee\u0219i exprim\u0103 acordul cu acesta \u0219i \u00ee\u0219i asum\u0103 drepturile \u0219i obliga\u021biile specificate \u00een acesta. Familiarizarea cu termenii acestei Politici \u0219i bifarea sub linkul cu aceast\u0103 Politic\u0103 este acordul scris al Utilizatorului pentru colectarea, stocarea, prelucrarea \u0219i transferul c\u0103tre ter\u021bi a datelor personale furnizate de Utilizator.<\/li><\/ul>\n\n\n\n<p>2.2. repromed.md \u2013 nu verific\u0103 exactitatea informa\u021biilor primite (colectate) despre Utilizatori, cu excep\u021bia cazurilor \u00een care o astfel de concretizare este necesar\u0103 pentru a \u00eendeplini obliga\u021biile fa\u021b\u0103 de Utilizator.<\/p>\n\n\n\n<p>3.1. Modificarea \u0219i \u0219tergerea datelor cu caracter personal.<\/p>\n\n\n\n<p>3.2. Utilizatorul poate oric\u00e2nd s\u0103 schimbe (actualizeze, completeze) informa\u021biile personale furnizate de el, precum \u0219i parametrii de confiden\u021bialitate. Repromed.md nu este responsabil pentru nereceptarea anun\u021burilor, bunurilor\/serviciilor etc.<\/p>\n\n\n\n<p>3.3. De asemenea, utilizatorul poate \u0219terge informa\u021biile personale care le sunt furnizate \u00eentr-un anumit cont. \u00cen acest caz, \u0219tergerea unui cont poate duce la imposibilitatea de a utiliza anumite Servicii.<\/p>\n\n\n\n<p>4.1. Repromed.md ia toate m\u0103surile necesare pentru a proteja datele personale ale utilizatorului de accesul, modificarea, dezv\u0103luirea sau distrugerea neautorizat\u0103.<\/p>\n\n\n\n<p>4.2. Repromed.md ofer\u0103 acces la datele personale ale Utilizatorului numai acelor angaja\u021bi \u0219i Afilia\u021bi care au nevoie de aceste informa\u021bii pentru a asigura func\u021bionarea Site-ului.<\/p>\n\n\n\n<p>4.3. Repromed.md are dreptul s\u0103 utilizeze informa\u021biile furnizate de Utilizator, inclusiv datele cu character personal, pentru a asigura conformitatea cu cerin\u021bele legisla\u021biei \u00een vigoare a Republicii Moldova (inclusive pentru prevenirea \u0219i \/ sau prevenirea ac\u021biunilor ilegale \u0219i \/ sau ilegale ale Utilizatorilor). Dezv\u0103luirea informa\u021biilor furnizate de Utilizator poate fi f\u0103cut\u0103 numai \u00een conformitate cu legisla\u021bia actual\u0103 a Republicii Moldova la cererea instan\u021bei precum \u0219i \u00een alte cazuri prev\u0103zute de legisla\u021bia \u00een vigoare.<\/p>\n\n\n\n<p>4.4. Repromed.md nu verific\u0103 veridicitatea informa\u021biilor furnizate de c\u0103tre Utilizator. Utilizatorul are grij\u0103 de actualizarea informa\u021biilor trimise anterior atunci c\u00e2nd apare o astfel de necesitate ( schimbarea num\u0103rului telefon, schimbarea de e-mail).<\/p>\n\n\n\n<p>5.1. \u00cen cadrul acestei politici, &#171;informa\u021biile personale ale Utilizatorului&#187; \u00eenseamn\u0103:<\/p>\n\n\n\n<ul class=\"wp-block-list\"><li>Date furnizate de Utilizator \u00een mod independent: numele, prenumele, num\u0103rul de telefon mobil \u0219i \/ sau adresa de email, data na\u0219terii, ora\u0219ul natal \u0219i despre tipul de activitate.<\/li><\/ul>\n\n\n\n<p>5.2. Datele care sunt transmise automat c\u0103tre Sistem \u00een timpul utiliz\u0103rii acestora utiliz\u00e2nd software-ul instalat pe dispozitivul utilizatorului, inclusiv adresa IP, informa\u021biile despre cookie-uri, informa\u021bii despre browser-ul utilizatorului (sau un alt program care permite accesul la Servicii), timpul de acces, adresa paginii solicitate.<\/p>\n\n\n\n<p>6.1. Feedback, \u00eentreb\u0103ri \u0219i sugestii:<\/p>\n\n\n\n<p>Orice sugestii sau \u00eentreb\u0103ri despre aceast\u0103 politic\u0103 trebuie s\u0103 fie raportate la serviciul de asisten\u021b\u0103 repromed.md prin e-mail: info@repromed.md sau prin telefon la +37322 955 500 sau prin scrisoare recomandat\u0103 la adresa: Chisinau, bd. Cuza Voda, 29\/1.<\/p>\n","protected":false},"excerpt":{"rendered":"<p>1.1. Aceast\u0103 Politic\u0103 stabile\u0219te procedura de procesare \u0219i protec\u021bie a Companiei \u201eREPROMED\u201d S.R.L. &#8212; (denumit\u0103 \u00een continuare &#8212; repromed.md a informa\u021biilor despre persoana fizic\u0103 (denumit\u0103 \u00een continuare &#171;Utilizator&#187;) care pot fi ob\u021binute de repromed.md atunci c\u00e2nd Utilizatorul utilizeaz\u0103 servicii\/bunurile prin intermediul site-ului, serviciilor, programelor, utilizate de c\u0103tre acesta. 1.2. Scopul Politicii date este de a [&hellip;]<\/p>\n","protected":false},"author":1,"featured_media":0,"parent":1090,"menu_order":0,"comment_status":"closed","ping_status":"closed","template":"page-templates\/page-content.php","meta":{"om_disable_all_campaigns":false,"inline_featured_image":false,"_mi_skip_tracking":false,"_monsterinsights_sitenote_active":false,"_monsterinsights_sitenote_note":"","_monsterinsights_sitenote_category":0,"footnotes":""},"class_list":["post-1134","page","type-page","status-publish","hentry"],"acf":[],"aioseo_notices":[],"_links":{"self":[{"href":"https:\/\/repromed.md\/ru\/wp-json\/wp\/v2\/pages\/1134","targetHints":{"allow":["GET"]}}],"collection":[{"href":"https:\/\/repromed.md\/ru\/wp-json\/wp\/v2\/pages"}],"about":[{"href":"https:\/\/repromed.md\/ru\/wp-json\/wp\/v2\/types\/page"}],"author":[{"embeddable":true,"href":"https:\/\/repromed.md\/ru\/wp-json\/wp\/v2\/users\/1"}],"replies":[{"embeddable":true,"href":"https:\/\/repromed.md\/ru\/wp-json\/wp\/v2\/comments?post=1134"}],"version-history":[{"count":1,"href":"https:\/\/repromed.md\/ru\/wp-json\/wp\/v2\/pages\/1134\/revisions"}],"predecessor-version":[{"id":1135,"href":"https:\/\/repromed.md\/ru\/wp-json\/wp\/v2\/pages\/1134\/revisions\/1135"}],"up":[{"embeddable":true,"href":"https:\/\/repromed.md\/ru\/wp-json\/wp\/v2\/pages\/1090"}],"wp:attachment":[{"href":"https:\/\/repromed.md\/ru\/wp-json\/wp\/v2\/media?parent=1134"}],"curies":[{"name":"wp","href":"https:\/\/api.w.org\/{rel}","templated":true}]}}